{"id":1975,"date":"2026-01-01T11:34:38","date_gmt":"2026-01-01T10:34:38","guid":{"rendered":"https:\/\/www.kiskitrains.com\/?post_type=product&#038;p=1975"},"modified":"2026-02-14T15:17:17","modified_gmt":"2026-02-14T14:17:17","slug":"elektricka-lokomotiva-372-dr230","status":"publish","type":"product","link":"https:\/\/www.kiskitrains.com\/sk\/eshop\/lokomotivy\/elektricka-lokomotiva-372-dr230\/","title":{"rendered":"Elektrick\u00e1 lokomot\u00edva \u010cSD 372 010-9 a DR 230 009-3"},"content":{"rendered":"\t\t<div data-elementor-type=\"wp-post\" data-elementor-id=\"1975\" class=\"elementor elementor-1975\">\n\t\t\t\t<div class=\"elementor-element elementor-element-374ee9fd e-flex e-con-boxed e-con e-parent\" data-id=\"374ee9fd\" data-element_type=\"container\" data-e-type=\"container\">\n\t\t\t\t\t<div class=\"e-con-inner\">\n\t\t\t\t<div class=\"elementor-element elementor-element-647e2bde elementor-widget elementor-widget-text-editor\" data-id=\"647e2bde\" data-element_type=\"widget\" data-e-type=\"widget\" data-widget_type=\"text-editor.default\">\n\t\t\t\t<div class=\"elementor-widget-container\">\n\t\t\t\t\t\t\t\t\t<p>Lokomot\u00edvy rady <strong>372<\/strong> <strong>(DR230) <\/strong>s\u00fa \u0161tvorn\u00e1pravov\u00e9 skri\u0148ov\u00e9 univerz\u00e1lne elektrick\u00e9 lokomot\u00edvy ur\u010den\u00e9 na prev\u00e1dzku po elektrifikovan\u00fdch tratiach s nap\u00e1jac\u00edm nap\u00e4t\u00edm 3kV= a 15kV~ 16 2\/3 Hz. Boli vyr\u00e1ban\u00e9 v rokoch 1988 (prototypy) a 1991 (s\u00e9riov\u00e9 stroje). Boli ur\u010den\u00e9 pre prepravu osobn\u00fdch a n\u00e1kladn\u00fdch vlakov.<\/p><p>Model lokomot\u00edvy umo\u017e\u0148uje hr\u00e1\u010dovi posadi\u0165 sa za virtu\u00e1lny ovl\u00e1dac\u00ed pult tejto lokomot\u00edvnej rady a vysk\u00fa\u0161a\u0165 si, ak\u00e9 to je ovl\u00e1da\u0165 ovl\u00e1dacie prvky na stanovi\u0161ti a aspo\u0148 na chv\u00ed\u013eu sa v\u017ei\u0165 do role skuto\u010dn\u00e9ho ru\u0161\u0148ovodi\u010da.<\/p><p><strong>Model okrem in\u00e9ho zah\u0155\u0148a:<\/strong><\/p><ul><li style=\"list-style-type: none;\"><ul><li>pokro\u010dil\u00fd brzdov\u00fd a trak\u010dn\u00fd model<\/li><li>vlakov\u00fd zabezpe\u010dova\u010d LS IV prv\u00fdch verzi\u00ed<\/li><li>nemeck\u00fd vlakov\u00fd zabezpe\u010dova\u010d PZB80R PZB90<\/li><li>simul\u00e1ciu dvoch nez\u00e1visl\u00fdch stanov\u00ed\u0161\u0165<\/li><li>autentick\u00e9 zvuky nahr\u00e1van\u00e9 na skuto\u010dn\u00fdch strojoch<\/li><li>\u00fapln\u00fa mo\u017enos\u0165 o\u017eivenia lokomot\u00edvy, tzv. &#8222;studen\u00fd \u0161tart&#8220; alebo pou\u017eitie r\u00fdchleho nahodenia<\/li><li>presn\u00fd model interi\u00e9ru aj exteri\u00e9ru<\/li><\/ul><\/li><\/ul>\t\t\t\t\t\t\t\t<\/div>\n\t\t\t\t<\/div>\n\t\t\t\t\t<\/div>\n\t\t\t\t<\/div>\n\t\t\t\t<\/div>\n\t\t","protected":false},"excerpt":{"rendered":"<p>Elektrick\u00e1 lokomot\u00edva 372 010-9 \/ 230 009-3 &#8222;Bastard&#8220; do hry Train Simulator od fy. Dovetail Games (DTG).<\/p>\n<p>Model predstavuje lokomot\u00edvy v stave po opusten\u00ed materskej tov\u00e1rne, t.j. bez neskor\u0161\u00edch r\u00f4znych funk\u010dn\u00fdch \u00faprav a rekon\u0161trukci\u00ed.<\/p>\n","protected":false},"featured_media":2576,"comment_status":"open","ping_status":"closed","template":"","meta":{"_seopress_robots_primary_cat":"none","_seopress_titles_title":"Elektrick\u00e1 lokomot\u00edva \u010cSD 372 010-9 a DR 230 009-3","_seopress_titles_desc":"","_seopress_robots_index":"","site-sidebar-layout":"default","site-content-layout":"","ast-site-content-layout":"default","site-content-style":"default","site-sidebar-style":"default","ast-global-header-display":"","ast-banner-title-visibility":"","ast-main-header-display":"","ast-hfb-above-header-display":"","ast-hfb-below-header-display":"","ast-hfb-mobile-header-display":"","site-post-title":"","ast-breadcrumbs-content":"","ast-featured-img":"","footer-sml-layout":"","ast-disable-related-posts":"","theme-transparent-header-meta":"default","adv-header-id-meta":"","stick-header-meta":"","header-above-stick-meta":"","header-main-stick-meta":"","header-below-stick-meta":"","astra-migrate-meta-layouts":"set","ast-page-background-enabled":"default","ast-page-background-meta":{"desktop":{"background-color":"var(--ast-global-color-4)","background-image":"","background-repeat":"repeat","background-position":"center center","background-size":"auto","background-attachment":"scroll","background-type":"","background-media":"","overlay-type":"","overlay-color":"","overlay-opacity":"","overlay-gradient":""},"tablet":{"background-color":"","background-image":"","background-repeat":"repeat","background-position":"center center","background-size":"auto","background-attachment":"scroll","background-type":"","background-media":"","overlay-type":"","overlay-color":"","overlay-opacity":"","overlay-gradient":""},"mobile":{"background-color":"","background-image":"","background-repeat":"repeat","background-position":"center center","background-size":"auto","background-attachment":"scroll","background-type":"","background-media":"","overlay-type":"","overlay-color":"","overlay-opacity":"","overlay-gradient":""}},"ast-content-background-meta":{"desktop":{"background-color":"var(--ast-global-color-5)","background-image":"","background-repeat":"repeat","background-position":"center center","background-size":"auto","background-attachment":"scroll","background-type":"","background-media":"","overlay-type":"","overlay-color":"","overlay-opacity":"","overlay-gradient":""},"tablet":{"background-color":"var(--ast-global-color-5)","background-image":"","background-repeat":"repeat","background-position":"center center","background-size":"auto","background-attachment":"scroll","background-type":"","background-media":"","overlay-type":"","overlay-color":"","overlay-opacity":"","overlay-gradient":""},"mobile":{"background-color":"var(--ast-global-color-5)","background-image":"","background-repeat":"repeat","background-position":"center center","background-size":"auto","background-attachment":"scroll","background-type":"","background-media":"","overlay-type":"","overlay-color":"","overlay-opacity":"","overlay-gradient":""}}},"product_brand":[],"product_cat":[23],"product_tag":[39,40,28,41,27],"class_list":{"0":"post-1975","1":"product","2":"type-product","3":"status-publish","4":"has-post-thumbnail","6":"product_cat-lokomotivy","7":"product_tag-39","8":"product_tag-bastard","9":"product_tag-csd","10":"product_tag-dr230","11":"product_tag-lokomotivy","12":"desktop-align-center","13":"tablet-align-left","14":"mobile-align-left","16":"first","17":"instock","18":"downloadable","19":"virtual","20":"taxable","21":"purchasable","22":"product-type-simple"},"_links":{"self":[{"href":"https:\/\/www.kiskitrains.com\/sk\/wp-json\/wp\/v2\/product\/1975","targetHints":{"allow":["GET"]}}],"collection":[{"href":"https:\/\/www.kiskitrains.com\/sk\/wp-json\/wp\/v2\/product"}],"about":[{"href":"https:\/\/www.kiskitrains.com\/sk\/wp-json\/wp\/v2\/types\/product"}],"replies":[{"embeddable":true,"href":"https:\/\/www.kiskitrains.com\/sk\/wp-json\/wp\/v2\/comments?post=1975"}],"version-history":[{"count":14,"href":"https:\/\/www.kiskitrains.com\/sk\/wp-json\/wp\/v2\/product\/1975\/revisions"}],"predecessor-version":[{"id":2553,"href":"https:\/\/www.kiskitrains.com\/sk\/wp-json\/wp\/v2\/product\/1975\/revisions\/2553"}],"wp:featuredmedia":[{"embeddable":true,"href":"https:\/\/www.kiskitrains.com\/sk\/wp-json\/wp\/v2\/media\/2576"}],"wp:attachment":[{"href":"https:\/\/www.kiskitrains.com\/sk\/wp-json\/wp\/v2\/media?parent=1975"}],"wp:term":[{"taxonomy":"product_brand","embeddable":true,"href":"https:\/\/www.kiskitrains.com\/sk\/wp-json\/wp\/v2\/product_brand?post=1975"},{"taxonomy":"product_cat","embeddable":true,"href":"https:\/\/www.kiskitrains.com\/sk\/wp-json\/wp\/v2\/product_cat?post=1975"},{"taxonomy":"product_tag","embeddable":true,"href":"https:\/\/www.kiskitrains.com\/sk\/wp-json\/wp\/v2\/product_tag?post=1975"}],"curies":[{"name":"wp","href":"https:\/\/api.w.org\/{rel}","templated":true}]}}