{"id":2683,"date":"2026-01-05T12:55:35","date_gmt":"2026-01-05T11:55:35","guid":{"rendered":"https:\/\/www.kiskitrains.com\/?page_id=2683"},"modified":"2026-01-08T19:30:23","modified_gmt":"2026-01-08T18:30:23","slug":"domov","status":"publish","type":"page","link":"https:\/\/www.kiskitrains.com\/sk\/","title":{"rendered":"Domov"},"content":{"rendered":"\t\t<div data-elementor-type=\"wp-page\" data-elementor-id=\"2683\" class=\"elementor elementor-2683\">\n\t\t\t\t<div class=\"elementor-element elementor-element-238bdd6 e-con-full e-flex e-con e-parent\" data-id=\"238bdd6\" data-element_type=\"container\" data-e-type=\"container\" data-settings=\"{&quot;background_background&quot;:&quot;slideshow&quot;,&quot;background_slideshow_gallery&quot;:[{&quot;id&quot;:2576,&quot;url&quot;:&quot;https:\\\/\\\/www.kiskitrains.com\\\/wp-content\\\/uploads\\\/2026\\\/01\\\/csd_372_base.jpg&quot;},{&quot;id&quot;:2968,&quot;url&quot;:&quot;https:\\\/\\\/www.kiskitrains.com\\\/wp-content\\\/uploads\\\/2026\\\/01\\\/csd372_bck_02_nologo.jpg&quot;},{&quot;id&quot;:1941,&quot;url&quot;:&quot;https:\\\/\\\/www.kiskitrains.com\\\/wp-content\\\/uploads\\\/2024\\\/04\\\/csd_163_prod_03_nologo.jpg&quot;},{&quot;id&quot;:2969,&quot;url&quot;:&quot;https:\\\/\\\/www.kiskitrains.com\\\/wp-content\\\/uploads\\\/2026\\\/01\\\/csd372_bck_03_nologo.jpg&quot;},{&quot;id&quot;:1948,&quot;url&quot;:&quot;https:\\\/\\\/www.kiskitrains.com\\\/wp-content\\\/uploads\\\/2024\\\/07\\\/csd_163_bck_03_nologo.jpg&quot;},{&quot;id&quot;:2967,&quot;url&quot;:&quot;https:\\\/\\\/www.kiskitrains.com\\\/wp-content\\\/uploads\\\/2026\\\/01\\\/csd372_bck_01_nologo.jpg&quot;},{&quot;id&quot;:1947,&quot;url&quot;:&quot;https:\\\/\\\/www.kiskitrains.com\\\/wp-content\\\/uploads\\\/2024\\\/07\\\/csd_163_bck_02_nologo.jpg&quot;},{&quot;id&quot;:687,&quot;url&quot;:&quot;https:\\\/\\\/www.kiskitrains.com\\\/wp-content\\\/uploads\\\/2024\\\/05\\\/csd_163_bck_04-1.jpg&quot;}],&quot;background_slideshow_ken_burns&quot;:&quot;yes&quot;,&quot;background_slideshow_ken_burns_zoom_direction&quot;:&quot;out&quot;,&quot;background_slideshow_loop&quot;:&quot;yes&quot;,&quot;background_slideshow_slide_duration&quot;:5000,&quot;background_slideshow_slide_transition&quot;:&quot;fade&quot;,&quot;background_slideshow_transition_duration&quot;:500}\">\n\t\t\t\t<div class=\"elementor-element elementor-element-cc1c48c elementor-widget elementor-widget-text-editor\" data-id=\"cc1c48c\" data-element_type=\"widget\" data-e-type=\"widget\" data-widget_type=\"text-editor.default\">\n\t\t\t\t<div class=\"elementor-widget-container\">\n\t\t\t\t\t\t\t\t\t<p>Vitajte v na\u0161om svete modelov ko\u013eajov\u00fdch vozidiel pre Train Simulator od spolo\u010dnosti DTG \u2013 Dovetail Games. Ka\u017ed\u00fd n\u00e1\u0161 model lokomot\u00edvy je vytvoren\u00fd s maxim\u00e1lnou starostlivos\u0165ou a presnos\u0165ou, aby \u010do najvernej\u0161ie zodpovedal skuto\u010dn\u00fdm vzorom. V\u010faka skriptovaniu spr\u00e1vania lokomot\u00edv sa m\u00f4\u017eete te\u0161i\u0165 na autentick\u00e9 spr\u00e1vanie, zah\u0155\u0148aj\u00face trak\u010dn\u00e9 charakteristiky odpovedaj\u00face re\u00e1lu \u010do mo\u017eno najviac, ovl\u00e1danie prvkov a spr\u00e1vanie b\u0155zd. Ka\u017ed\u00fd detail exteri\u00e9ru a kab\u00edny je navrhnut\u00fd s oh\u013eadom na re\u00e1lne rozmery a detaily, zabezpe\u010den\u00e9 bu\u010f priamym meran\u00edm na skuto\u010dn\u00fdch strojoch alebo pomocou technick\u00fdch v\u00fdkresov. Text\u00fary s\u00fa vytvoren\u00e9 z fotografi\u00ed vyhotoven\u00fdch na skuto\u010dn\u00fdch vozidl\u00e1ch, zabezpe\u010duj\u00facich \u00fachvatn\u00e9 vizu\u00e1lne spracovanie.<\/p>\t\t\t\t\t\t\t\t<\/div>\n\t\t\t\t<\/div>\n\t\t\t\t<\/div>\n\t\t<div class=\"elementor-element elementor-element-d73961a e-flex e-con-boxed e-con e-parent\" data-id=\"d73961a\" data-element_type=\"container\" data-e-type=\"container\">\n\t\t\t\t\t<div class=\"e-con-inner\">\n\t\t\t\t<div class=\"elementor-element elementor-element-8485f1e elementor-widget elementor-widget-spacer\" data-id=\"8485f1e\" data-element_type=\"widget\" data-e-type=\"widget\" data-widget_type=\"spacer.default\">\n\t\t\t\t<div class=\"elementor-widget-container\">\n\t\t\t\t\t\t\t<div class=\"elementor-spacer\">\n\t\t\t<div class=\"elementor-spacer-inner\"><\/div>\n\t\t<\/div>\n\t\t\t\t\t\t<\/div>\n\t\t\t\t<\/div>\n\t\t\t\t<div class=\"elementor-element elementor-element-4c76bbf elementor-widget elementor-widget-heading\" data-id=\"4c76bbf\" data-element_type=\"widget\" data-e-type=\"widget\" data-widget_type=\"heading.default\">\n\t\t\t\t<div class=\"elementor-widget-container\">\n\t\t\t\t\t<h3 class=\"elementor-heading-title elementor-size-default\">Vyberte si z na\u0161ej ponuky\n<\/h3>\t\t\t\t<\/div>\n\t\t\t\t<\/div>\n\t\t\t\t<div class=\"elementor-element elementor-element-081cdad elementor-widget elementor-widget-spacer\" data-id=\"081cdad\" data-element_type=\"widget\" data-e-type=\"widget\" data-widget_type=\"spacer.default\">\n\t\t\t\t<div class=\"elementor-widget-container\">\n\t\t\t\t\t\t\t<div class=\"elementor-spacer\">\n\t\t\t<div class=\"elementor-spacer-inner\"><\/div>\n\t\t<\/div>\n\t\t\t\t\t\t<\/div>\n\t\t\t\t<\/div>\n\t\t\t\t<div class=\"elementor-element elementor-element-96d302e premium-woo-product-align-center premium-woo-product-align-center premium-qv-hidden-yes elementor-widget elementor-widget-premium-woo-products\" data-id=\"96d302e\" data-element_type=\"widget\" data-e-type=\"widget\" data-settings=\"{&quot;products_show&quot;:1,&quot;products_show_tablet&quot;:1,&quot;products_on_scroll_mobile_extra&quot;:1,&quot;products_show_mobile&quot;:1,&quot;products_on_scroll&quot;:1}\" data-widget_type=\"premium-woo-products.grid-1\">\n\t\t\t\t<div class=\"elementor-widget-container\">\n\t\t\t\t\t<div class=\"premium-carousel-hidden premium-woocommerce premium-woo-products-carousel premium-woo-skin-grid-1 premium-woo-query-all\" data-woo_carousel=\"{&quot;slidesToShow&quot;:1,&quot;slidesToScroll&quot;:1,&quot;autoplaySpeed&quot;:3000,&quot;autoplay&quot;:true,&quot;infinite&quot;:true,&quot;pauseOnHover&quot;:false,&quot;speed&quot;:500,&quot;arrows&quot;:false,&quot;dots&quot;:true,&quot;rtl&quot;:false,&quot;prevArrow&quot;:&quot;&lt;a type=\\&quot;button\\&quot; data-role=\\&quot;none\\&quot; class=\\&quot;carousel-arrow carousel-prev\\&quot; aria-label=\\&quot;Previous\\&quot; role=\\&quot;button\\&quot; style=\\&quot;\\&quot;&gt;&lt;i class=\\&quot;fas fa-angle-left\\&quot; aria-hidden=\\&quot;true\\&quot;&gt;&lt;\\\/i&gt;&lt;\\\/a&gt;&quot;,&quot;nextArrow&quot;:&quot;&lt;a type=\\&quot;button\\&quot; data-role=\\&quot;none\\&quot; class=\\&quot;carousel-arrow carousel-next\\&quot; aria-label=\\&quot;Next\\&quot; role=\\&quot;button\\&quot; style=\\&quot;\\&quot;&gt;&lt;i class=\\&quot;fas fa-angle-right\\&quot; aria-hidden=\\&quot;true\\&quot;&gt;&lt;\\\/i&gt;&lt;\\\/a&gt;&quot;,&quot;responsive&quot;:[{&quot;breakpoint&quot;:1024,&quot;settings&quot;:{&quot;slidesToShow&quot;:1,&quot;slidesToScroll&quot;:1}},{&quot;breakpoint&quot;:767,&quot;settings&quot;:{&quot;slidesToShow&quot;:1,&quot;slidesToScroll&quot;:1}}]}\" data-page-id=\"2683\" data-skin=\"grid_1\" data-quick-view=\"yes\"><div class=\"premium-woo-products-inner premium-woo-product__hover-swap\"><ul class=\"products columns-2\">\n\n<li class=\" post-1975 product first instock downloadable virtual taxable purchasable product-type-simple\">\n\t<div class=\"premium-woo-product-wrapper premium-con-lq__none\">\n\t\t<div class=\"premium-woo-product-thumbnail\"><a href=\"https:\/\/www.kiskitrains.com\/sk\/eshop\/lokomotivy\/elektricka-lokomotiva-372-dr230\/\" class=\"woocommerce-LoopProduct-link woocommerce-loop-product__link\"><img decoding=\"async\" src=\"https:\/\/www.kiskitrains.com\/wp-content\/uploads\/2026\/01\/csd_372_base.jpg\" alt=\"csd372_dr230_spolu\"><img fetchpriority=\"high\" decoding=\"async\" width=\"2560\" height=\"1440\" src=\"https:\/\/www.kiskitrains.com\/wp-content\/uploads\/2026\/01\/csd_372_prod_04.jpg\" class=\"premium-woo-product__on_hover\" alt=\"372 bocny pohlad (sideview)\" \/><\/a><div class=\"premium-woo-qv-data\" data-product-id=\"1975\"><\/div><\/div><div class=\"premium-woo-products-details-wrap\"><a href=\"https:\/\/www.kiskitrains.com\/sk\/eshop\/lokomotivy\/elektricka-lokomotiva-372-dr230\/\" class=\"premium-woo-product__link\"><h2 class=\"woocommerce-loop-product__title\">Elektrick\u00e1 lokomot\u00edva \u010cSD 372 010-9 a DR 230 009-3<\/h2><\/a>\n\t<span class=\"price\"><span class=\"woocommerce-Price-amount amount\"><bdi>25,00&nbsp;<span class=\"woocommerce-Price-currencySymbol\">&euro;<\/span><\/bdi><\/span><\/span>\n<\/div>\t<\/div>\n<\/li>\n\n<li class=\" post-422 product last instock downloadable virtual taxable purchasable product-type-simple\">\n\t<div class=\"premium-woo-product-wrapper premium-con-lq__none\">\n\t\t<div class=\"premium-woo-product-thumbnail\"><a href=\"https:\/\/www.kiskitrains.com\/sk\/eshop\/lokomotivy\/e499_3009\/\" class=\"woocommerce-LoopProduct-link woocommerce-loop-product__link\"><img decoding=\"async\" src=\"https:\/\/www.kiskitrains.com\/wp-content\/uploads\/2024\/04\/csd_163_prod_03_nologo.jpg\" alt=\"\"><img decoding=\"async\" width=\"2560\" height=\"1440\" src=\"https:\/\/www.kiskitrains.com\/wp-content\/uploads\/2024\/04\/csd_163_prod_04_nologo.jpg\" class=\"premium-woo-product__on_hover\" alt=\"\" \/><\/a><div class=\"premium-woo-qv-data\" data-product-id=\"422\"><\/div><\/div><div class=\"premium-woo-products-details-wrap\"><a href=\"https:\/\/www.kiskitrains.com\/sk\/eshop\/lokomotivy\/e499_3009\/\" class=\"premium-woo-product__link\"><h2 class=\"woocommerce-loop-product__title\">Elektrick\u00e1 lokomot\u00edva E499.3009<\/h2><\/a>\n\t<span class=\"price\"><span class=\"woocommerce-Price-amount amount\"><bdi>20,00&nbsp;<span class=\"woocommerce-Price-currencySymbol\">&euro;<\/span><\/bdi><\/span><\/span>\n<\/div>\t<\/div>\n<\/li>\n<\/ul>\n<\/div><\/div><div id=\"premium-woo-quick-view-96d302e\" class=\"premium-woo-quick-view-96d302e\">\n\t<div class=\"premium-woo-quick-view-back\">\n\t\t<div class=\"premium-woo-quick-view-loader\"><\/div>\n\t<\/div>\n\t<div id=\"premium-woo-quick-view-modal\">\n\t\t<div class=\"premium-woo-content-main-wrapper\"><!--\n\t\t--><div class=\"premium-woo-content-main\">\n\t\t\t\t<div class=\"premium-woo-lightbox-content\">\n\n\t\t\t\t\t<a href=\"#\" class=\"premium-woo-quick-view-close fa fa-window-close\"><\/a>\n\n\t\t\t\t\t<div id=\"premium-woo-quick-view-content\" class=\"woocommerce single-product\"><\/div>\n\t\t\t\t<\/div>\n\t\t\t<\/div>\n\t\t<\/div>\n\t<\/div>\n<\/div>\n\t\t\t\t<\/div>\n\t\t\t\t<\/div>\n\t\t\t\t<div class=\"elementor-element elementor-element-c8368af elementor-widget elementor-widget-spacer\" data-id=\"c8368af\" data-element_type=\"widget\" data-e-type=\"widget\" data-widget_type=\"spacer.default\">\n\t\t\t\t<div class=\"elementor-widget-container\">\n\t\t\t\t\t\t\t<div class=\"elementor-spacer\">\n\t\t\t<div class=\"elementor-spacer-inner\"><\/div>\n\t\t<\/div>\n\t\t\t\t\t\t<\/div>\n\t\t\t\t<\/div>\n\t\t\t\t\t<\/div>\n\t\t\t\t<\/div>\n\t\t\t\t<\/div>\n\t\t","protected":false},"excerpt":{"rendered":"<p>Vitajte v na\u0161om svete modelov ko\u013eajov\u00fdch vozidiel pre Train Simulator od spolo\u010dnosti DTG \u2013 Dovetail Games. Ka\u017ed\u00fd n\u00e1\u0161 model lokomot\u00edvy [&hellip;]<\/p>\n","protected":false},"author":1,"featured_media":0,"parent":0,"menu_order":0,"comment_status":"closed","ping_status":"closed","template":"","meta":{"_seopress_robots_primary_cat":"","_seopress_titles_title":"","_seopress_titles_desc":"","_seopress_robots_index":"","site-sidebar-layout":"no-sidebar","site-content-layout":"","ast-site-content-layout":"full-width-container","site-content-style":"default","site-sidebar-style":"default","ast-global-header-display":"","ast-banner-title-visibility":"","ast-main-header-display":"","ast-hfb-above-header-display":"","ast-hfb-below-header-display":"","ast-hfb-mobile-header-display":"","site-post-title":"disabled","ast-breadcrumbs-content":"","ast-featured-img":"disabled","footer-sml-layout":"","ast-disable-related-posts":"","theme-transparent-header-meta":"enabled","adv-header-id-meta":"","stick-header-meta":"","header-above-stick-meta":"","header-main-stick-meta":"","header-below-stick-meta":"","astra-migrate-meta-layouts":"set","ast-page-background-enabled":"default","ast-page-background-meta":{"desktop":{"background-color":"var(--ast-global-color-4)","background-image":"","background-repeat":"repeat","background-position":"center center","background-size":"auto","background-attachment":"scroll","background-type":"","background-media":"","overlay-type":"","overlay-color":"","overlay-opacity":"","overlay-gradient":""},"tablet":{"background-color":"","background-image":"","background-repeat":"repeat","background-position":"center center","background-size":"auto","background-attachment":"scroll","background-type":"","background-media":"","overlay-type":"","overlay-color":"","overlay-opacity":"","overlay-gradient":""},"mobile":{"background-color":"","background-image":"","background-repeat":"repeat","background-position":"center center","background-size":"auto","background-attachment":"scroll","background-type":"","background-media":"","overlay-type":"","overlay-color":"","overlay-opacity":"","overlay-gradient":""}},"ast-content-background-meta":{"desktop":{"background-color":"var(--ast-global-color-5)","background-image":"","background-repeat":"repeat","background-position":"center center","background-size":"auto","background-attachment":"scroll","background-type":"","background-media":"","overlay-type":"","overlay-color":"","overlay-opacity":"","overlay-gradient":""},"tablet":{"background-color":"var(--ast-global-color-5)","background-image":"","background-repeat":"repeat","background-position":"center center","background-size":"auto","background-attachment":"scroll","background-type":"","background-media":"","overlay-type":"","overlay-color":"","overlay-opacity":"","overlay-gradient":""},"mobile":{"background-color":"var(--ast-global-color-5)","background-image":"","background-repeat":"repeat","background-position":"center center","background-size":"auto","background-attachment":"scroll","background-type":"","background-media":"","overlay-type":"","overlay-color":"","overlay-opacity":"","overlay-gradient":""}},"footnotes":""},"class_list":["post-2683","page","type-page","status-publish","hentry","desktop-align-center","tablet-align-left","mobile-align-left"],"_links":{"self":[{"href":"https:\/\/www.kiskitrains.com\/sk\/wp-json\/wp\/v2\/pages\/2683","targetHints":{"allow":["GET"]}}],"collection":[{"href":"https:\/\/www.kiskitrains.com\/sk\/wp-json\/wp\/v2\/pages"}],"about":[{"href":"https:\/\/www.kiskitrains.com\/sk\/wp-json\/wp\/v2\/types\/page"}],"author":[{"embeddable":true,"href":"https:\/\/www.kiskitrains.com\/sk\/wp-json\/wp\/v2\/users\/1"}],"replies":[{"embeddable":true,"href":"https:\/\/www.kiskitrains.com\/sk\/wp-json\/wp\/v2\/comments?post=2683"}],"version-history":[{"count":33,"href":"https:\/\/www.kiskitrains.com\/sk\/wp-json\/wp\/v2\/pages\/2683\/revisions"}],"predecessor-version":[{"id":2972,"href":"https:\/\/www.kiskitrains.com\/sk\/wp-json\/wp\/v2\/pages\/2683\/revisions\/2972"}],"wp:attachment":[{"href":"https:\/\/www.kiskitrains.com\/sk\/wp-json\/wp\/v2\/media?parent=2683"}],"curies":[{"name":"wp","href":"https:\/\/api.w.org\/{rel}","templated":true}]}}